{"id":3,"date":"2025-06-07T08:48:10","date_gmt":"2025-06-07T06:48:10","guid":{"rendered":"https:\/\/kistner-osteopathie.de\/?page_id=3"},"modified":"2025-09-01T09:25:35","modified_gmt":"2025-09-01T07:25:35","slug":"datenschutzerklaerung","status":"publish","type":"page","link":"https:\/\/kistner-osteopathie.de\/?page_id=3","title":{"rendered":"Datenschutzerkl\u00e4rung"},"content":{"rendered":"<p style=\"font-weight: 400; text-align: center;\"><strong>Datenschutzerkl\u00e4rung<\/strong><\/p>\n<p style=\"font-weight: 400; text-align: center;\">Allgemeiner Hinweis und Pflichtinformationen<\/p>\n<p style=\"font-weight: 400; text-align: center;\">Benennung der verantwortlichen Stelle<br \/>\nDie verantwortliche Stelle f\u00fcr die Datenverarbeitung auf dieser Website ist:<\/p>\n<p>Die verantwortliche Stelle entscheidet allein oder gemeinsam mit anderen \u00fcber die Zwecke und Mittel der Verarbeitung von personenbezogenen Daten (z.B. Namen, Kontaktdaten o. \u00c4.).<\/p>\n<p style=\"font-weight: 400; text-align: center;\"><strong>Widerruf Ihrer Einwilligung zur Datenverarbeitung<\/strong><br \/>\nNur mit Ihrer ausdr\u00fccklichen Einwilligung sind einige Vorg\u00e4nge der Datenverarbeitung m\u00f6glich. Ein Widerruf Ihrer bereits erteilten Einwilligung ist jederzeit m\u00f6glich. F\u00fcr den Widerruf gen\u00fcgt eine formlose Mitteilung per E-Mail. Die Rechtm\u00e4\u00dfigkeit der bis zum Widerruf erfolgten Datenverarbeitung bleibt vom Widerruf unber\u00fchrt.<\/p>\n<p style=\"font-weight: 400; text-align: center;\"><strong>Recht auf Beschwerde bei der zust\u00e4ndigen Aufsichtsbeh\u00f6rde<\/strong><br \/>\nAls Betroffener steht Ihnen im Falle eines datenschutzrechtlichen Versto\u00dfes ein Beschwerderecht bei der zust\u00e4ndigen Aufsichtsbeh\u00f6rde zu. Zust\u00e4ndige Aufsichtsbeh\u00f6rde bez\u00fcglich datenschutzrechtlicher Fragen ist der Landesdatenschutzbeauftragte des Bundeslandes, in dem sich der Sitz unseres Unternehmens befindet. Der folgende Link stellt eine Liste der Datenschutzbeauftragten sowie deren Kontaktdaten bereit:\u00a0<a href=\"https:\/\/www.bfdi.bund.de\/DE\/Infothek\/Anschriften_Links\/anschriften_links-node.html\">https:\/\/www.bfdi.bund.de\/DE\/Infothek\/Anschriften_Links\/anschriften_links-node.html<\/a>.<\/p>\n<p style=\"font-weight: 400; text-align: center;\"><strong>Recht auf Daten\u00fcbertragbarkeit<\/strong><br \/>\nIhnen steht das Recht zu, Daten, die wir auf Grundlage Ihrer Einwilligung oder in Erf\u00fcllung eines Vertrags automatisiert verarbeiten, an sich oder an Dritte aush\u00e4ndigen zu lassen. Die Bereitstellung erfolgt in einem maschinenlesbaren Format. Sofern Sie die direkte \u00dcbertragung der Daten an einen anderen Verantwortlichen verlangen, erfolgt dies nur, soweit es technisch machbar ist.<\/p>\n<p style=\"font-weight: 400; text-align: center;\"><strong>Recht auf Auskunft, Berichtigung, Sperrung, L\u00f6schung<\/strong><br \/>\nSie haben jederzeit im Rahmen der geltenden gesetzlichen Bestimmungen das Recht auf unentgeltliche Auskunft \u00fcber Ihre gespeicherten personenbezogenen Daten, Herkunft der Daten, deren Empf\u00e4nger und den Zweck der Datenverarbeitung und ggf. ein Recht auf Berichtigung, Sperrung oder L\u00f6schung dieser Daten. Diesbez\u00fcglich und auch zu weiteren Fragen zum Thema personenbezogene Daten k\u00f6nnen Sie sich jederzeit \u00fcber die im Impressum aufgef\u00fchrten Kontaktm\u00f6glichkeiten an uns wenden.<\/p>\n<p style=\"font-weight: 400; text-align: center;\"><strong>Server-Log-Dateien<\/strong><br \/>\nIn Server-Log-Dateien erhebt und speichert der Provider der Website automatisch Informationen, die Ihr Browser automatisch an uns \u00fcbermittelt. Dies sind:<\/p>\n<ul style=\"font-weight: 400; text-align: center;\">\n<li>Browsertyp und Browserversion<\/li>\n<li>Verwendetes Betriebssystem<\/li>\n<li>Referrer URL<\/li>\n<li>Hostname des zugreifenden Rechners<\/li>\n<li>Uhrzeit der Serveranfrage<\/li>\n<li>IP-Adresse<\/li>\n<\/ul>\n<p style=\"font-weight: 400; text-align: center;\">Es findet keine Zusammenf\u00fchrung dieser Daten mit anderen Datenquellen statt. Grundlage der Datenverarbeitung bildet Art. 6 Abs. 1 lit. b DSGVO, der die Verarbeitung von Daten zur Erf\u00fcllung eines Vertrags oder vorvertraglicher Ma\u00dfnahmen gestattet.\u200b<\/p>\n<p style=\"font-weight: 400; text-align: center;\"><strong>Cookies<\/strong><br \/>\nUnsere Website verwendet Cookies. Das sind kleine Textdateien, die Ihr Webbrowser auf Ihrem Endger\u00e4t speichert. Cookies helfen uns dabei, unser Angebot nutzerfreundlicher, effektiver und sicherer zu machen.<br \/>\nEinige Cookies sind \u201cSession-Cookies.\u201d Solche Cookies werden nach Ende Ihrer Browser-Sitzung von selbst gel\u00f6scht. Hingegen bleiben andere Cookies auf Ihrem Endger\u00e4t bestehen, bis Sie diese selbst l\u00f6schen. Solche Cookies helfen uns, Sie bei R\u00fcckkehr auf unserer Website wiederzuerkennen.<br \/>\nMit einem modernen Webbrowser k\u00f6nnen Sie das Setzen von Cookies \u00fcberwachen, einschr\u00e4nken oder unterbinden. Viele Webbrowser lassen sich so konfigurieren, dass Cookies mit dem Schlie\u00dfen des Programms von selbst gel\u00f6scht werden. Die Deaktivierung von Cookies kann eine eingeschr\u00e4nkte Funktionalit\u00e4t unserer Website zur Folge haben.<br \/>\nDas Setzen von Cookies, die zur Aus\u00fcbung elektronischer Kommunikationsvorg\u00e4nge oder der Bereitstellung bestimmter, von Ihnen erw\u00fcnschter Funktionen (z.B. Warenkorb) notwendig sind, erfolgt auf Grundlage von Art. 6 Abs. 1 lit. f DSGVO. Als Betreiber dieser Website haben wir ein berechtigtes Interesse an der Speicherung von Cookies zur technisch fehlerfreien und reibungslosen Bereitstellung unserer Dienste. Sofern die Setzung anderer Cookies (z.B. f\u00fcr Analyse-Funktionen) erfolgt, werden diese in dieser Datenschutzerkl\u00e4rung separat behandelt.<\/p>\n<p style=\"font-weight: 400; text-align: center;\"><strong>Google Analytics<\/strong><br \/>\nUnsere Website verwendet Funktionen des Webanalysedienstes Google Analytics. Anbieter des Webanalysedienstes ist die Google Inc., 1600 Amphitheatre Parkway, Mountain View, CA 94043, USA.<br \/>\nGoogle Analytics verwendet &#8220;Cookies.&#8221; Das sind kleine Textdateien, die Ihr Webbrowser auf Ihrem Endger\u00e4t speichert und eine Analyse der Website-Benutzung erm\u00f6glichen. Mittels Cookie erzeugte Informationen \u00fcber Ihre Benutzung unserer Website werden an einen Server von Google \u00fcbermittelt und dort gespeichert. Server-Standort ist im Regelfall die USA.<br \/>\nDas Setzen von Google-Analytics-Cookies erfolgt auf Grundlage von Art. 6 Abs. 1 lit. f DSGVO. Als Betreiber dieser Website haben wir \u00a0ein berechtigtes Interesse an der Analyse des Nutzerverhaltens, um unser Webangebot und ggf. auch Werbung zu optimieren.<br \/>\n<strong>IP-Anonymisierung<\/strong><br \/>\nWir setzen Google Analytics in Verbindung mit der Funktion IP-Anonymisierung ein. Sie gew\u00e4hrleistet, dass Google Ihre IP-Adresse innerhalb von Mitgliedstaaten der Europ\u00e4ischen Union oder in anderen Vertragsstaaten des Abkommens \u00fcber den Europ\u00e4ischen Wirtschaftsraum vor der \u00dcbermittlung in die USA k\u00fcrzt. Es kann Ausnahmef\u00e4lle geben, in denen Google die volle IP-Adresse an einen Server in den USA \u00fcbertr\u00e4gt und dort k\u00fcrzt. In unserem Auftrag wird Google diese Informationen benutzen, um Ihre Nutzung der Website auszuwerten, um Reports \u00fcber Websiteaktivit\u00e4ten zu erstellen und um weitere mit der Websitenutzung und der Internetnutzung verbundene Dienstleistungen gegen\u00fcber uns zu erbringen. Es findet keine Zusammenf\u00fchrung der von Google Analytics \u00fcbermittelten IP-Adresse mit anderen Daten von Google statt.<br \/>\n<strong>Browser Plugin<\/strong><br \/>\nDas Setzen von Cookies durch Ihren Webbrowser ist verhinderbar. Einige Funktionen unserer Website k\u00f6nnten dadurch jedoch eingeschr\u00e4nkt werden. Ebenso k\u00f6nnen Sie die Erfassung von Daten bez\u00fcglich Ihrer Website-Nutzung einschlie\u00dflich Ihrer IP-Adresse mitsamt anschlie\u00dfender Verarbeitung durch Google unterbinden. Dies ist m\u00f6glich, indem Sie das \u00fcber folgenden Link erreichbare Browser-Plugin herunterladen und installieren:\u00a0<a href=\"https:\/\/tools.google.com\/dlpage\/gaoptout?hl=de\">https:\/\/tools.google.com\/dlpage\/gaoptout?hl=de<\/a>.<br \/>\n<strong>Widerspruch gegen die Datenerfassung<\/strong><br \/>\nSie k\u00f6nnen die Erfassung Ihrer Daten durch Google Analytics verhindern, indem Sie auf folgenden Link klicken. Es wird ein Opt-Out-Cookie gesetzt, der die Erfassung Ihrer Daten bei zuk\u00fcnftigen Besuchen unserer Website verhindert: Google Analytics deaktivieren.<br \/>\nEinzelheiten zum Umgang mit Nutzerdaten bei Google Analytics finden Sie in der Datenschutzerkl\u00e4rung von Google:\u00a0<a href=\"https:\/\/support.google.com\/analytics\/answer\/6004245?hl=de\">https:\/\/support.google.com\/analytics\/answer\/6004245?hl=de<\/a>.<br \/>\n<strong>Auftragsverarbeitung<\/strong><br \/>\nZur vollst\u00e4ndigen Erf\u00fcllung der gesetzlichen Datenschutzvorgaben haben wir mit Google einen Vertrag \u00fcber die Auftragsverarbeitung abgeschlossen.<br \/>\n<strong>Demografische Merkmale bei Google Analytics<\/strong><br \/>\nUnsere Website verwendet die Funktion \u201cdemografische Merkmale\u201d von Google Analytics. Mit ihr lassen sich Berichte erstellen, die Aussagen zu Alter, Geschlecht und Interessen der Seitenbesucher enthalten. Diese Daten stammen aus interessenbezogener Werbung von Google sowie aus Besucherdaten von Drittanbietern. Eine Zuordnung der Daten zu einer bestimmten Person ist nicht m\u00f6glich. Sie k\u00f6nnen diese Funktion jederzeit deaktivieren. Dies ist \u00fcber die Anzeigeneinstellungen in Ihrem Google-Konto m\u00f6glich oder indem Sie die Erfassung Ihrer Daten durch Google Analytics, wie im Punkt \u201cWiderspruch gegen die Datenerfassung\u201d erl\u00e4utert, generell untersagen.<\/p>\n<p style=\"font-weight: 400; text-align: center;\"><strong>Google AdSense<\/strong><br \/>\nUnsere Website verwendet Google AdSense. Anbieter ist die Google Inc., 1600 Amphitheatre Parkway, Mountain View, CA 94043, USA.<br \/>\nGoogle AdSense dient der Einbindung von Werbeanzeigen und setzt Cookies. Cookies sind kleine Textdateien, die Ihr Webbrowser auf Ihrem Endger\u00e4t speichert, um die Nutzung der Website analysieren. Google AdSense setzt au\u00dferdem Web Beacons ein. Web Beacons sind unsichtbare Grafiken, die eine Analyse des Besucherverkehrs auf unserer Wesite erm\u00f6glichen.<br \/>\nDurch Cookies und Web Beacons erzeugten Informationen werden an Server von Google \u00fcbertragen und dort gespeichert. Serverstandort sind die USA. Google kann diese Informationen an Vertragspartner weiterreichen. Ihre IP-Adresse wird Google jedoch nicht mit anderen von Ihnen gespeicherten Daten zusammenf\u00fchren.<br \/>\nDie Speicherung von AdSense-Cookies erfolgt auf Grundlage von Art. 6 Abs. 1 lit. f DSGVO. Wir als Websitebetreiber haben ein berechtigtes Interesse an der Analyse des Nutzerverhaltens, um unser Webangebot und unsere Werbung zu optimieren.<br \/>\nMit einem modernen Webbrowser k\u00f6nnen Sie das Setzen von Cookies \u00fcberwachen, einschr\u00e4nken und unterbinden. Die Deaktivierung von Cookies kann eine eingeschr\u00e4nkte Funktionalit\u00e4t unserer Website zur Folge haben. Durch die Nutzung unserer Website erkl\u00e4ren Sie sich mit der Bearbeitung der \u00fcber Sie erhobenen Daten durch Google in der zuvor beschriebenen Art und Weise sowie dem zuvor benannten Zweck einverstanden.<br \/>\n\u200b<br \/>\n<strong>Google AdWords und Google Conversion-Tracking<\/strong><br \/>\nUnsere Website verwendet Google AdWords. Anbieter ist die Google Inc., 1600 Amphitheatre Parkway, Mountain View, CA 94043, United States.<br \/>\nAdWords ist ein Online-Werbeprogramm. Im Rahmen des Online-Werbeprogramms arbeiten wir mit Conversion-Tracking. Nach einem Klick auf eine von Google geschaltete Anzeige wird ein Cookie f\u00fcr das Conversion-Tracking gesetzt. Cookies sind kleine Textdateien, die Ihr Webbrowser auf Ihrem Endger\u00e4t speichert. Google AdWords Cookies verlieren nach 30 Tagen ihre G\u00fcltigkeit und dienen nicht der pers\u00f6nlichen Identifizierung der Nutzer. Am Cookie k\u00f6nnen Google und wir erkennen, dass Sie auf eine Anzeige geklickt haben und zu unserer Website weitergeleitet wurden.<br \/>\nJeder Google AdWords-Kunde erh\u00e4lt ein anderes Cookie. Die Cookies sind nicht \u00fcber Websites von AdWords-Kunden nachverfolgbar. Mit Conversion-Cookies werden Conversion-Statistiken f\u00fcr AdWords-Kunden, die Conversion-Tracking einsetzen, erstellt. Adwords-Kunden erfahren wie viele Nutzer auf ihre Anzeige geklickt haben und auf Seiten mit Conversion-Tracking-Tag weitergeleitet wurden. AdWords-Kunden erhalten jedoch keine Informationen, die eine pers\u00f6nliche Identifikation der Nutzer erm\u00f6glichen. Wenn Sie nicht am Tracking teilnehmen m\u00f6chten, k\u00f6nnen Sie einer Nutzung widersprechen. Hier ist das Conversion-Cookie in den Nutzereinstellungen des Browsers zu deaktivieren. So findet auch keine Aufnahme in die Conversion-Tracking Statistiken statt.<br \/>\nDie Speicherung von \u201cConversion-Cookies\u201d erfolgt auf Grundlage von Art. 6 Abs. 1 lit. f DSGVO. Wir als Websitebetreiber haben ein berechtigtes Interesse an der Analyse des Nutzerverhaltens, um unser Webangebot und unsere Werbung zu optimieren.<br \/>\nEinzelheiten zu Google AdWords und Google Conversion-Tracking finden Sie in den Datenschutzbestimmungen von Google:\u00a0<a href=\"https:\/\/www.google.de\/policies\/privacy\/\">https:\/\/www.google.de\/policies\/privacy\/<\/a>.<br \/>\nMit einem modernen Webbrowser k\u00f6nnen Sie das Setzen von Cookies \u00fcberwachen, einschr\u00e4nken oder unterbinden. Die Deaktivierung von Cookies kann eine eingeschr\u00e4nkte Funktionalit\u00e4t unserer Website zur Folge haben.<br \/>\nQuelle: Datenschutz-Konfigurator von\u00a0<a href=\"http:\/\/www.mein-datenschutzbeauftragter.de\/\">mein-datenschutzbeauftragter.de<\/a><\/p>\n<p style=\"font-weight: 400; text-align: center;\">\n","protected":false},"excerpt":{"rendered":"<p>Datenschutzerkl\u00e4rung Allgemeiner Hinweis und Pflichtinformationen Benennung der verantwortlichen Stelle Die verantwortliche Stelle f\u00fcr die Datenverarbeitung auf dieser Website ist: Die verantwortliche Stelle entscheidet allein oder gemeinsam mit anderen \u00fcber die &hellip; <\/p>\n","protected":false},"author":1,"featured_media":0,"parent":0,"menu_order":0,"comment_status":"closed","ping_status":"open","template":"","meta":{"om_disable_all_campaigns":false,"_monsterinsights_skip_tracking":false,"_monsterinsights_sitenote_active":false,"_monsterinsights_sitenote_note":"","_monsterinsights_sitenote_category":0,"footnotes":""},"class_list":["post-3","page","type-page","status-publish","hentry"],"aioseo_notices":[],"_links":{"self":[{"href":"https:\/\/kistner-osteopathie.de\/index.php?rest_route=\/wp\/v2\/pages\/3","targetHints":{"allow":["GET"]}}],"collection":[{"href":"https:\/\/kistner-osteopathie.de\/index.php?rest_route=\/wp\/v2\/pages"}],"about":[{"href":"https:\/\/kistner-osteopathie.de\/index.php?rest_route=\/wp\/v2\/types\/page"}],"author":[{"embeddable":true,"href":"https:\/\/kistner-osteopathie.de\/index.php?rest_route=\/wp\/v2\/users\/1"}],"replies":[{"embeddable":true,"href":"https:\/\/kistner-osteopathie.de\/index.php?rest_route=%2Fwp%2Fv2%2Fcomments&post=3"}],"version-history":[{"count":6,"href":"https:\/\/kistner-osteopathie.de\/index.php?rest_route=\/wp\/v2\/pages\/3\/revisions"}],"predecessor-version":[{"id":271,"href":"https:\/\/kistner-osteopathie.de\/index.php?rest_route=\/wp\/v2\/pages\/3\/revisions\/271"}],"wp:attachment":[{"href":"https:\/\/kistner-osteopathie.de\/index.php?rest_route=%2Fwp%2Fv2%2Fmedia&parent=3"}],"curies":[{"name":"wp","href":"https:\/\/api.w.org\/{rel}","templated":true}]}}